{"id":11398,"date":"2020-12-26T17:07:41","date_gmt":"2020-12-26T14:07:41","guid":{"rendered":"https:\/\/comlekcim.com\/kurumsal\/"},"modified":"2023-06-28T18:17:21","modified_gmt":"2023-06-28T15:17:21","slug":"ueber-uns","status":"publish","type":"page","link":"https:\/\/comlekcim.com\/de\/ueber-uns\/","title":{"rendered":"\u00dcber uns"},"content":{"rendered":"<h1>Seit 1993&#8230;<\/h1>\n<p>Wir haben 50 Jahre in unserem Beruf zur\u00fcckgelassen, die von unserem Gro\u00dfvater an unseren Vater und von unserem Vater an uns weitergegeben wurden. Wir begannen 1993 in Antalya mit der Fortsetzung der T\u00f6pferarbeiten, die wir in Isparta durchgef\u00fchrt hatten.<\/p>\n<p>Die T\u00f6pfe, die fr\u00fcher aus Steingut hergestellt wurden, werden heute entsprechend den Farben der Umgebung, in der wir uns befinden, dekoriert und wir bieten sie Ihnen zur Verwendung in Hotels, Motels, Feriend\u00f6rfern, Gesch\u00e4ftszentren und Residenzen an.<\/p>\n<p>Keramik geh\u00f6rt zu den Funden, die Arch\u00e4ologen am meisten dabei helfen, das t\u00e4gliche Leben, die wirtschaftliche Situation, den Handel, das technologische Niveau und viele andere Dinge zu verstehen, da sie, au\u00dfer in sehr sauren B\u00f6den, intakt bleiben und pr\u00e4historische Zeiten beleuchten k\u00f6nnen, in denen es keine gab schriftliche Dokumente.<\/p>\n<p>Die Keramik ist je nach Herstellungstechnik, Form und Dekoration in Zusammenstellungen unterteilt, und die geografische und zeitliche Verteilung dieser Zusammenstellungen hilft bei der Erstellung einer \u201erelativen Chronologie\u201c, die gut funktioniert, wenn eine absolute Datierung nicht m\u00f6glich ist und wenn sie durchgef\u00fchrt werden kann.<\/p>\n<p>Ver\u00e4nderungen in den Formen und Produktionen der Keramik spiegeln auch kulturelle Ver\u00e4nderungen wider. Dank der Keramikfunde k\u00f6nnen Tonanalysen durchgef\u00fchrt und Handels- und Kulturbeziehungen nach der Herkunft des Tons gekl\u00e4rt werden.<\/p>\n<p><img loading=\"lazy\" decoding=\"async\" src=\"https:\/\/comlekcim.com\/wp-content\/uploads\/comlekcim-antalya-comlek-imalati-toprak-urunler.webp\" alt=\"\" width=\"1240\" height=\"449\" class=\"alignleft size-full wp-image-2521\" srcset=\"https:\/\/comlekcim.com\/wp-content\/uploads\/comlekcim-antalya-comlek-imalati-toprak-urunler.webp 1240w, https:\/\/comlekcim.com\/wp-content\/uploads\/comlekcim-antalya-comlek-imalati-toprak-urunler-300x109.webp 300w, https:\/\/comlekcim.com\/wp-content\/uploads\/comlekcim-antalya-comlek-imalati-toprak-urunler-1024x371.webp 1024w, https:\/\/comlekcim.com\/wp-content\/uploads\/comlekcim-antalya-comlek-imalati-toprak-urunler-768x278.webp 768w, https:\/\/comlekcim.com\/wp-content\/uploads\/comlekcim-antalya-comlek-imalati-toprak-urunler-600x217.webp 600w\" sizes=\"auto, (max-width: 1240px) 100vw, 1240px\" \/><\/p>\n","protected":false},"excerpt":{"rendered":"<p>Seit 1993&#8230; Wir haben 50 Jahre in unserem Beruf zur\u00fcckgelassen, die von unserem Gro\u00dfvater an unseren Vater und von unserem Vater an uns weitergegeben wurden. Wir begannen 1993 in Antalya mit der Fortsetzung der T\u00f6pferarbeiten, die wir in Isparta durchgef\u00fchrt hatten. Die T\u00f6pfe, die fr\u00fcher aus Steingut hergestellt wurden, werden heute entsprechend den Farben der&hellip;<\/p>\n","protected":false},"author":1,"featured_media":0,"parent":0,"menu_order":0,"comment_status":"closed","ping_status":"closed","template":"","meta":{"footnotes":""},"class_list":["post-11398","page","type-page","status-publish","hentry","description-off"],"aioseo_notices":[],"_links":{"self":[{"href":"https:\/\/comlekcim.com\/de\/wp-json\/wp\/v2\/pages\/11398","targetHints":{"allow":["GET"]}}],"collection":[{"href":"https:\/\/comlekcim.com\/de\/wp-json\/wp\/v2\/pages"}],"about":[{"href":"https:\/\/comlekcim.com\/de\/wp-json\/wp\/v2\/types\/page"}],"author":[{"embeddable":true,"href":"https:\/\/comlekcim.com\/de\/wp-json\/wp\/v2\/users\/1"}],"replies":[{"embeddable":true,"href":"https:\/\/comlekcim.com\/de\/wp-json\/wp\/v2\/comments?post=11398"}],"version-history":[{"count":0,"href":"https:\/\/comlekcim.com\/de\/wp-json\/wp\/v2\/pages\/11398\/revisions"}],"wp:attachment":[{"href":"https:\/\/comlekcim.com\/de\/wp-json\/wp\/v2\/media?parent=11398"}],"curies":[{"name":"wp","href":"https:\/\/api.w.org\/{rel}","templated":true}]}}