{"id":11515,"date":"2021-05-19T19:52:23","date_gmt":"2021-05-19T16:52:23","guid":{"rendered":"https:\/\/comlekcim.com\/product\/wurmkompost-3kg\/"},"modified":"2021-05-19T19:52:23","modified_gmt":"2021-05-19T16:52:23","slug":"wurmkompost-3kg","status":"publish","type":"product","link":"https:\/\/comlekcim.com\/de\/product\/wurmkompost-3kg\/","title":{"rendered":"Wurmkompost 3Kg."},"content":{"rendered":"<p>Geeignet f\u00fcr alle Arten von Obst-, Gem\u00fcse- und Zierpflanzen im Innen- und Au\u00dfenbereich.<br \/>\nVerhindert Unkrautwachstum, Geruch und Fliegen.<\/p>\n","protected":false},"excerpt":{"rendered":"<p>Geeignet f\u00fcr alle Arten von Obst-, Gem\u00fcse- und Zierpflanzen im Innen- und Au\u00dfenbereich. Verhindert Unkrautwachstum, Geruch und Fliegen.<\/p>\n","protected":false},"featured_media":11372,"template":"","meta":[],"product_brand":[],"product_cat":[1006],"product_tag":[],"class_list":{"0":"post-11515","1":"product","2":"type-product","3":"status-publish","4":"has-post-thumbnail","6":"product_cat-bio-pflanzerden","7":"description-off","9":"first","10":"instock","11":"shipping-taxable","12":"purchasable","13":"product-type-simple"},"aioseo_notices":[],"_links":{"self":[{"href":"https:\/\/comlekcim.com\/de\/wp-json\/wp\/v2\/product\/11515","targetHints":{"allow":["GET"]}}],"collection":[{"href":"https:\/\/comlekcim.com\/de\/wp-json\/wp\/v2\/product"}],"about":[{"href":"https:\/\/comlekcim.com\/de\/wp-json\/wp\/v2\/types\/product"}],"wp:featuredmedia":[{"embeddable":true,"href":"https:\/\/comlekcim.com\/de\/wp-json\/wp\/v2\/media\/11372"}],"wp:attachment":[{"href":"https:\/\/comlekcim.com\/de\/wp-json\/wp\/v2\/media?parent=11515"}],"wp:term":[{"taxonomy":"product_brand","embeddable":true,"href":"https:\/\/comlekcim.com\/de\/wp-json\/wp\/v2\/product_brand?post=11515"},{"taxonomy":"product_cat","embeddable":true,"href":"https:\/\/comlekcim.com\/de\/wp-json\/wp\/v2\/product_cat?post=11515"},{"taxonomy":"product_tag","embeddable":true,"href":"https:\/\/comlekcim.com\/de\/wp-json\/wp\/v2\/product_tag?post=11515"}],"curies":[{"name":"wp","href":"https:\/\/api.w.org\/{rel}","templated":true}]}}