{"id":13795,"date":"2021-01-14T22:18:48","date_gmt":"2021-01-14T19:18:48","guid":{"rendered":"https:\/\/comlekcim.com\/product\/fisch-wal-wand-accessoire-50cm\/"},"modified":"2021-01-14T22:18:48","modified_gmt":"2021-01-14T19:18:48","slug":"fisch-wal-wand-accessoire-50cm","status":"publish","type":"product","link":"https:\/\/comlekcim.com\/de\/product\/fisch-wal-wand-accessoire-50cm\/","title":{"rendered":"Fisch-Wal, Wand-Accessoire 50cm"},"content":{"rendered":"<p>Dieses Produkt wird durch Einbrennen mit erstklassiger Farbe hergestellt.<\/p>\n","protected":false},"excerpt":{"rendered":"<p>L:50cm \u2014 H:30cm<br \/>\nDa es sich um Handarbeit handelt, k\u00f6nnen Produktgr\u00f6\u00dfe und Farbe variieren.<\/p>\n","protected":false},"featured_media":10845,"template":"","meta":[],"product_brand":[],"product_cat":[1002],"product_tag":[],"class_list":{"0":"post-13795","1":"product","2":"type-product","3":"status-publish","4":"has-post-thumbnail","6":"product_cat-wand-accessoires","7":"description-off","9":"first","10":"instock","11":"shipping-taxable","12":"purchasable","13":"product-type-simple"},"aioseo_notices":[],"_links":{"self":[{"href":"https:\/\/comlekcim.com\/de\/wp-json\/wp\/v2\/product\/13795","targetHints":{"allow":["GET"]}}],"collection":[{"href":"https:\/\/comlekcim.com\/de\/wp-json\/wp\/v2\/product"}],"about":[{"href":"https:\/\/comlekcim.com\/de\/wp-json\/wp\/v2\/types\/product"}],"wp:featuredmedia":[{"embeddable":true,"href":"https:\/\/comlekcim.com\/de\/wp-json\/wp\/v2\/media\/10845"}],"wp:attachment":[{"href":"https:\/\/comlekcim.com\/de\/wp-json\/wp\/v2\/media?parent=13795"}],"wp:term":[{"taxonomy":"product_brand","embeddable":true,"href":"https:\/\/comlekcim.com\/de\/wp-json\/wp\/v2\/product_brand?post=13795"},{"taxonomy":"product_cat","embeddable":true,"href":"https:\/\/comlekcim.com\/de\/wp-json\/wp\/v2\/product_cat?post=13795"},{"taxonomy":"product_tag","embeddable":true,"href":"https:\/\/comlekcim.com\/de\/wp-json\/wp\/v2\/product_tag?post=13795"}],"curies":[{"name":"wp","href":"https:\/\/api.w.org\/{rel}","templated":true}]}}