{"id":14046,"date":"2021-01-17T14:43:35","date_gmt":"2021-01-17T11:43:35","guid":{"rendered":"https:\/\/comlekcim.com\/product\/boote-keramik-wand-accessoire-25cm\/"},"modified":"2021-01-17T14:43:35","modified_gmt":"2021-01-17T11:43:35","slug":"boote-keramik-wand-accessoire-25cm","status":"publish","type":"product","link":"https:\/\/comlekcim.com\/de\/product\/boote-keramik-wand-accessoire-25cm\/","title":{"rendered":"Boote, Keramik-Wand-Accessoire 25cm"},"content":{"rendered":"<p>Dieses Produkt wird durch Einbrennen mit erstklassiger Farbe hergestellt.<\/p>\n","protected":false},"excerpt":{"rendered":"<p>L:25cm \u2014 H:34cm<br \/>\nDa es sich um Handarbeit handelt, k\u00f6nnen Produktgr\u00f6\u00dfe und Farbe variieren.<\/p>\n","protected":false},"featured_media":11055,"template":"","meta":[],"product_brand":[],"product_cat":[1002],"product_tag":[],"class_list":{"0":"post-14046","1":"product","2":"type-product","3":"status-publish","4":"has-post-thumbnail","6":"product_cat-wand-accessoires","7":"description-off","9":"first","10":"instock","11":"shipping-taxable","12":"purchasable","13":"product-type-simple"},"aioseo_notices":[],"_links":{"self":[{"href":"https:\/\/comlekcim.com\/de\/wp-json\/wp\/v2\/product\/14046","targetHints":{"allow":["GET"]}}],"collection":[{"href":"https:\/\/comlekcim.com\/de\/wp-json\/wp\/v2\/product"}],"about":[{"href":"https:\/\/comlekcim.com\/de\/wp-json\/wp\/v2\/types\/product"}],"wp:featuredmedia":[{"embeddable":true,"href":"https:\/\/comlekcim.com\/de\/wp-json\/wp\/v2\/media\/11055"}],"wp:attachment":[{"href":"https:\/\/comlekcim.com\/de\/wp-json\/wp\/v2\/media?parent=14046"}],"wp:term":[{"taxonomy":"product_brand","embeddable":true,"href":"https:\/\/comlekcim.com\/de\/wp-json\/wp\/v2\/product_brand?post=14046"},{"taxonomy":"product_cat","embeddable":true,"href":"https:\/\/comlekcim.com\/de\/wp-json\/wp\/v2\/product_cat?post=14046"},{"taxonomy":"product_tag","embeddable":true,"href":"https:\/\/comlekcim.com\/de\/wp-json\/wp\/v2\/product_tag?post=14046"}],"curies":[{"name":"wp","href":"https:\/\/api.w.org\/{rel}","templated":true}]}}